{"id":4,"date":"2019-06-20T16:29:17","date_gmt":"2019-06-20T16:29:17","guid":{"rendered":"https:\/\/stadtbad-rees.de\/?page_id=4"},"modified":"2026-04-13T13:51:59","modified_gmt":"2026-04-13T11:51:59","slug":"home","status":"publish","type":"page","link":"https:\/\/stadtbad-rees.de\/","title":{"rendered":"Home"},"content":{"rendered":"<ul>\n<li>\n<p>        <img decoding=\"async\" src=\"\/wp-content\/uploads\/2026\/03\/oeffnungszeiten.png\" alt=\"\"><\/p>\n<h3>\u00d6ffnungszeiten<\/h3>\n<div>\n<p>Aktuelle \u00d6ffnungszeiten und Hinweise zu Sonderzeiten.<\/p>\n<\/div>\n<p><a href=\"\/?page_id=2207\">\u00d6ffnungszeiten ansehen<\/a><\/p>\n<\/li>\n<li>\n<p>        <img decoding=\"async\" src=\"\/wp-content\/uploads\/2026\/03\/preise.png\" alt=\"\"><\/p>\n<h3>Preise &#038; Erm\u00e4\u00dfigungen<\/h3>\n<div>\n<p>Alle Eintrittspreise f\u00fcr Erwachsene, Kinder\/Jugendliche sowie Sozial- und Familienkarten.<\/p>\n<\/div>\n<p><a href=\"\/?page_id=2209\">Preise ansehen<\/a><\/p>\n<\/li>\n<li>\n<p>        <img decoding=\"async\" src=\"\/wp-content\/uploads\/2026\/03\/kurse.png\" alt=\"\"><\/p>\n<h3>Kurse &#038; Aquafitness<\/h3>\n<div>\n<p>Schwimmkurse und Aquafitness \u2013 direkt online buchen.<\/p>\n<\/div>\n<p><a href=\"https:\/\/rees.baeder-suite.de\/de\/courses\/\">Kurs buchen<\/a><\/p>\n<\/li>\n<\/ul>\n<div>\n<p>        <img decoding=\"async\" src=\"#\" alt=\"\"><\/p>\n<h3>Unser Stadtbad Rees<\/h3>\n<div>\n<p>Das Stadtbad Rees bietet moderne Bedingungen f\u00fcr Sport, Kurse und Freizeit. Mit einem 25-Meter-Becken und variabler Wassertiefe ist das Bad flexibel nutzbar \u2013 vom Schwimmtraining bis zum Kursbetrieb.<\/p>\n<ul class=\"custom-checklist\">\n<li data-start=\"589\" data-end=\"644\"><strong data-start=\"589\" data-end=\"611\">25 \u00d7 12,5 m Becken<\/strong> \u2013 ideal f\u00fcr Sport und Freizeit<\/li>\n<li data-start=\"589\" data-end=\"644\"><strong data-start=\"647\" data-end=\"659\">Hubboden<\/strong> mit variabler Wassertiefe <strong data-start=\"686\" data-end=\"703\">von 0 bis 2 m<\/strong><\/li>\n<li data-start=\"708\" data-end=\"764\"><strong data-start=\"708\" data-end=\"728\">Flexibel nutzbar<\/strong> f\u00fcr Kurse, Training und Schwimmen<\/li>\n<li data-start=\"767\" data-end=\"871\"><strong data-start=\"767\" data-end=\"808\">Seit 2015 modernisiert \/ neu er\u00f6ffnet<\/strong><\/li>\n<\/ul>\n<\/div>\n<p><a href=\"#\">Mehr erfahren<\/a><\/p>\n<\/div>\n<h1>Aktuelle Neuigkeiten und Informationen<\/h1>\n<div>\n<p>        <img decoding=\"async\" src=\"\/wp-content\/uploads\/2026\/02\/news.svg\" alt=\"\"><\/p>\n<\/div>\n<div>\n<p>        <img decoding=\"async\" src=\"\/wp-content\/uploads\/2026\/02\/news.svg\" alt=\"\"><\/p>\n<p><a href=\"https:\/\/rees.baeder-suite.de\/de\/courses\/\">Weitere Informationen<\/a><\/p>\n<\/div>\n<div>\n<p>        <img decoding=\"async\" src=\"\/wp-content\/uploads\/2026\/02\/news.svg\" alt=\"\"><\/p>\n<p><a href=\"https:\/\/rees.baeder-suite.de\/de\/courses\/\">Weitere Informationen<\/a><\/p>\n<\/div>\n<div>\n<p>        <img decoding=\"async\" src=\"\/wp-content\/uploads\/2026\/02\/schwimkurse.jpg\" alt=\"\"><\/p>\n<h3>Schwimmkurse und Aquafitness<\/h3>\n<div>\n<p data-start=\"317\" data-end=\"565\">Im Stadtbad Rees finden regelm\u00e4\u00dfig Schwimmkurse f\u00fcr Kinder sowie Aquafitness-Kurse f\u00fcr Erwachsene statt.<br data-start=\"421\" data-end=\"424\" \/>Vom ersten Wassergew\u00f6hnungskurs bis zum Bronzeabzeichen oder Fitness im Wasser \u2013 unser Kursprogramm bietet passende Angebote f\u00fcr jedes Alter.<\/p>\n<p data-start=\"567\" data-end=\"666\">Die aktuellen Kurse und Termine k\u00f6nnen Sie direkt \u00fcber unser Online-Kursportal einsehen und buchen.<\/p>\n<\/div>\n<p><a href=\"https:\/\/rees.baeder-suite.de\/de\/courses\/\">Zu den Kursen<\/a><\/p>\n<\/div>\n<p><!--more--><br \/>\n<!-- {\"type\":\"layout\",\"children\":[{\"type\":\"section\",\"props\":{\"divider_color\":\"#FFFFFF\",\"divider_height\":\"50\",\"divider_invert\":true,\"divider_layers_gap\":\"5\",\"divider_layers_opacity\":\"0.5\",\"divider_position\":\"bottom\",\"divider_responsive\":false,\"divider_shadow_blur_radius\":\"5\",\"divider_shadow_color\":\"#00000080\",\"divider_shadow_offset_x\":\"0\",\"divider_shadow_offset_y\":\"5\",\"divider_shape\":\"ellipse\",\"divider_width\":\"100\",\"height\":\"pixels\",\"height_viewport\":350,\"image\":\"wp-content\/uploads\/2026\/03\/Stadtbad_Rees_Onlineshop_Startseite_Header_300px_hoch_v4.png\",\"image_position\":\"center-center\",\"image_size\":\"cover\",\"image_width\":2000,\"padding_custom_bottom\":\"70\",\"padding_custom_top\":\"70\",\"style\":\"default\",\"style_custom_color\":\"#ccc\",\"title_breakpoint\":\"xl\",\"title_position\":\"top-left\",\"title_rotation\":\"left\",\"vertical_align\":\"middle\",\"width\":\"default\"},\"children\":[{\"type\":\"row\",\"children\":[{\"type\":\"column\",\"props\":{\"image_position\":\"center-center\",\"position_sticky_breakpoint\":\"m\"}}]}]},{\"type\":\"section\",\"props\":{\"divider_height\":\"120\",\"divider_layers_gap\":\"5\",\"divider_layers_opacity\":\"0.5\",\"divider_position\":\"top\",\"divider_responsive\":true,\"divider_shadow_blur_radius\":\"5\",\"divider_shadow_color\":\"#00000080\",\"divider_shadow_offset_x\":\"0\",\"divider_shadow_offset_y\":\"5\",\"divider_width\":\"100\",\"image_position\":\"center-center\",\"padding_custom_bottom\":\"70\",\"padding_custom_top\":\"70\",\"padding_remove_bottom\":false,\"padding_remove_top\":true,\"style\":\"default\",\"style_custom_color\":\"#ccc\",\"title_breakpoint\":\"xl\",\"title_position\":\"top-left\",\"title_rotation\":\"left\",\"vertical_align\":\"middle\",\"width\":\"default\"},\"children\":[{\"type\":\"row\",\"children\":[{\"type\":\"column\",\"props\":{\"image_position\":\"center-center\",\"position_sticky_breakpoint\":\"m\"},\"children\":[{\"type\":\"grid\",\"props\":{\"content_column_breakpoint\":\"m\",\"content_margin\":\"xsmall\",\"content_margin_auto\":true,\"css\":\".el-item{\\n    background:url(https:\/\/stadtbad-rees.de\/wp-content\/uploads\/2026\/02\/background-1.jpg);\\n    background-position:center;\\n}\",\"filter_align\":\"left\",\"filter_all\":true,\"filter_grid_breakpoint\":\"m\",\"filter_grid_width\":\"auto\",\"filter_position\":\"top\",\"filter_style\":\"tab\",\"grid_column_gap\":\"medium\",\"grid_default\":\"1\",\"grid_medium\":\"3\",\"image_align\":\"top\",\"image_grid_breakpoint\":\"m\",\"image_grid_width\":\"1-2\",\"image_svg_color\":\"emphasis\",\"image_width\":45,\"item_animation\":true,\"lightbox_bg_close\":true,\"link_style\":\"default\",\"link_text\":\"Read more\",\"margin_bottom\":\"default\",\"margin_top\":\"default\",\"meta_align\":\"below-title\",\"meta_element\":\"div\",\"meta_style\":\"text-meta\",\"panel_padding\":\"small\",\"panel_style\":\"card-default\",\"position\":\"relative\",\"position_top\":\"-80\",\"show_content\":true,\"show_hover_image\":true,\"show_hover_video\":true,\"show_image\":true,\"show_link\":true,\"show_meta\":true,\"show_title\":true,\"show_video\":true,\"text_align\":\"center\",\"title_align\":\"top\",\"title_element\":\"h3\",\"title_grid_breakpoint\":\"m\",\"title_grid_width\":\"1-2\",\"title_hover_style\":\"reset\"},\"children\":[{\"type\":\"grid_item\",\"props\":{\"content\":\"\n\n<p>Aktuelle \u00d6ffnungszeiten und Hinweise zu Sonderzeiten.<\/p>\n\n\",\"image\":\"wp-content\/uploads\/2026\/03\/oeffnungszeiten.png\",\"link\":\"?page_id=2207\",\"link_text\":\"\u00d6ffnungszeiten ansehen\",\"title\":\"\u00d6ffnungszeiten\"}},{\"type\":\"grid_item\",\"props\":{\"content\":\"\n\n<p>Alle Eintrittspreise f\u00fcr Erwachsene, Kinder\/Jugendliche sowie Sozial- und Familienkarten.<\/p>\n\n\",\"image\":\"wp-content\/uploads\/2026\/03\/preise.png\",\"link\":\"?page_id=2209\",\"link_text\":\"Preise ansehen\",\"title\":\"Preise & Erm\u00e4\u00dfigungen\"}},{\"type\":\"grid_item\",\"props\":{\"content\":\"\n\n<p>Schwimmkurse und Aquafitness \u2013 direkt online buchen.<\/p>\n\n\",\"image\":\"wp-content\/uploads\/2026\/03\/kurse.png\",\"link\":\"https:\/\/rees.baeder-suite.de\/de\/courses\/\",\"link_text\":\"Kurs buchen\",\"title\":\"Kurse & Aquafitness\"}}]}]}]}]},{\"type\":\"section\",\"props\":{\"css\":\".el-section{\\n    margin-top:-80px;\\n}\",\"divider_height\":\"120\",\"divider_layers_gap\":\"5\",\"divider_layers_opacity\":\"0.5\",\"divider_position\":\"top\",\"divider_responsive\":true,\"divider_shadow_blur_radius\":\"5\",\"divider_shadow_color\":\"#00000080\",\"divider_shadow_offset_x\":\"0\",\"divider_shadow_offset_y\":\"5\",\"divider_width\":\"100\",\"image_position\":\"center-center\",\"padding_custom_bottom\":\"70\",\"padding_custom_top\":\"70\",\"padding_remove_top\":false,\"style\":\"default\",\"style_custom_color\":\"#ccc\",\"title_breakpoint\":\"xl\",\"title_position\":\"top-left\",\"title_rotation\":\"left\",\"vertical_align\":\"middle\",\"width\":\"default\"},\"children\":[{\"type\":\"row\",\"children\":[{\"type\":\"column\",\"props\":{\"image_position\":\"center-center\",\"position_sticky_breakpoint\":\"m\"},\"children\":[{\"type\":\"panel\",\"props\":{\"content\":\"\n\n<p>Das Stadtbad Rees bietet moderne Bedingungen f\u00fcr Sport, Kurse und Freizeit. Mit einem 25-Meter-Becken und variabler Wassertiefe ist das Bad flexibel nutzbar \u2013 vom Schwimmtraining bis zum Kursbetrieb.<\/p>\n\n\\n\n\n<ul class=\\\"custom-checklist\\\">\\n\n\n<li data-start=\\\"589\\\" data-end=\\\"644\\\"><strong data-start=\\\"589\\\" data-end=\\\"611\\\">25 \u00d7 12,5 m Becken<\/strong> \u2013 ideal f\u00fcr Sport und Freizeit<\/li>\n\n\\n\n\n<li data-start=\\\"589\\\" data-end=\\\"644\\\"><strong data-start=\\\"647\\\" data-end=\\\"659\\\">Hubboden<\/strong> mit variabler Wassertiefe <strong data-start=\\\"686\\\" data-end=\\\"703\\\">von 0 bis 2 m<\/strong><\/li>\n\n\\n\n\n<li data-start=\\\"708\\\" data-end=\\\"764\\\"><strong data-start=\\\"708\\\" data-end=\\\"728\\\">Flexibel nutzbar<\/strong> f\u00fcr Kurse, Training und Schwimmen<\/li>\n\n\\n\n\n<li data-start=\\\"767\\\" data-end=\\\"871\\\"><strong data-start=\\\"767\\\" data-end=\\\"808\\\">Seit 2015 modernisiert \/ neu er\u00f6ffnet<\/strong><\/li>\n\n\\n<\/ul>\n\n\",\"content_column_breakpoint\":\"m\",\"css\":\".el-element{\\n    background: url(https:\/\/stadtbad-rees.de\/wp-content\/uploads\/2026\/03\/background-start-1.jpg);\\n    background-repeat:no-repeat;\\n    background-size:auto;\\n    background-position:bottom right;\\n    background-color:#fff!important;\\n}\\n\\n@media (max-width: 960px) {\\n    .el-element{\\n    background:none;\\n}\\n}\",\"image\":\"#\",\"image_align\":\"right\",\"image_grid_breakpoint\":\"m\",\"image_grid_width\":\"1-2\",\"image_svg_color\":\"emphasis\",\"link\":\"#\",\"link_style\":\"default\",\"link_text\":\"Mehr erfahren\",\"margin_bottom\":\"default\",\"margin_top\":\"default\",\"meta_align\":\"below-title\",\"meta_element\":\"div\",\"meta_style\":\"text-meta\",\"panel_image_no_padding\":true,\"panel_padding\":\"default\",\"panel_style\":\"card-default\",\"title\":\"Unser Stadtbad Rees\",\"title_align\":\"top\",\"title_element\":\"h3\",\"title_grid_breakpoint\":\"m\",\"title_grid_width\":\"1-2\",\"title_hover_style\":\"reset\",\"title_style\":\"h1\"}}]}]}]},{\"type\":\"section\",\"props\":{\"divider_height\":\"120\",\"divider_layers_gap\":\"5\",\"divider_layers_opacity\":\"0.5\",\"divider_position\":\"top\",\"divider_responsive\":true,\"divider_shadow_blur_radius\":\"5\",\"divider_shadow_color\":\"#00000080\",\"divider_shadow_offset_x\":\"0\",\"divider_shadow_offset_y\":\"5\",\"divider_width\":\"100\",\"image_position\":\"center-center\",\"padding_custom_bottom\":\"70\",\"padding_custom_top\":\"70\",\"padding_remove_top\":false,\"style\":\"default\",\"style_custom_color\":\"#ccc\",\"title_breakpoint\":\"xl\",\"title_position\":\"top-left\",\"title_rotation\":\"left\",\"vertical_align\":\"middle\",\"width\":\"default\"},\"children\":[{\"type\":\"row\",\"children\":[{\"type\":\"column\",\"props\":{\"image_position\":\"center-center\",\"position_sticky_breakpoint\":\"m\"},\"children\":[{\"type\":\"headline\",\"props\":{\"content\":\"Aktuelle Neuigkeiten und Informationen\",\"image_align\":\"left\",\"image_margin\":\"xsmall\",\"text_align\":\"center\",\"text_align_breakpoint\":\"m\",\"title_element\":\"h1\"}}]}]},{\"type\":\"row\",\"props\":{\"column_gap\":\"medium\",\"layout\":\"1-3,1-3,1-3\"},\"children\":[{\"type\":\"column\",\"props\":{\"image_position\":\"center-center\",\"position_sticky_breakpoint\":\"m\",\"width_medium\":\"1-3\"},\"children\":[{\"type\":\"panel\",\"props\":{\"content_column_breakpoint\":\"m\",\"content_margin\":\"xsmall\",\"content_margin_auto\":true,\"css\":\".el-meta{\\n    font-size:14px;\\n    font-style:italic;\\n}\\n\\n.el-content{\\n    font-size:14px;\\n    \\n}\\n\\n.el-image{\\n    position:relative;\\n    top:15px;\\n\\n}\\n\\n.el-element{\\n    background:url(https:\/\/stadtbad-rees.de\/wp-content\/uploads\/2026\/02\/background-1.jpg);\\n    background-position:center;\\n    background-repeat:no-repeat;\\n}\",\"height_expand\":true,\"image\":\"wp-content\/uploads\/2026\/02\/news.svg\",\"image_align\":\"left\",\"image_grid_breakpoint\":\"m\",\"image_grid_column_gap\":\"medium\",\"image_grid_row_gap\":\"small\",\"image_grid_width\":\"auto\",\"image_svg_color\":\"emphasis\",\"image_vertical_align\":false,\"image_width\":40,\"link_style\":\"default\",\"link_text\":\"Weitere Informationen\",\"margin_bottom\":\"default\",\"margin_top\":\"default\",\"meta_align\":\"above-title\",\"meta_element\":\"div\",\"meta_style\":\"h4\",\"panel_image_no_padding\":false,\"panel_padding\":\"small\",\"panel_style\":\"card-default\",\"title_align\":\"top\",\"title_element\":\"h3\",\"title_grid_breakpoint\":\"m\",\"title_grid_width\":\"1-2\",\"title_hover_style\":\"reset\",\"title_margin\":\"small\",\"title_style\":\"h4\"},\"source\":{\"query\":{\"name\":\"posts.customPosts\",\"arguments\":{\"terms\":[],\"category_operator\":\"IN\",\"post_flag_operator\":\"IN\",\"post_tag_operator\":\"IN\",\"users\":[],\"users_operator\":\"IN\",\"date_range\":\"relative\",\"date_relative\":\"next\",\"date_relative_unit\":\"day\",\"date_relative_unit_this\":\"day\",\"offset\":0,\"limit\":1,\"order\":\"date\",\"order_direction\":\"DESC\"}},\"props\":{\"title\":{\"name\":\"title\"},\"meta\":{\"filters\":{\"date\":\"\",\"before\":\"Ver\u00f6ffentlicht am \"},\"name\":\"date\"},\"link\":{\"name\":\"link\"},\"content\":{\"arguments\":{\"show_intro_text\":true},\"name\":\"content\",\"filters\":{\"limit\":80}}}}}]},{\"type\":\"column\",\"props\":{\"image_position\":\"center-center\",\"position_sticky_breakpoint\":\"m\",\"width_medium\":\"1-3\"},\"children\":[{\"type\":\"panel\",\"props\":{\"content_column_breakpoint\":\"m\",\"content_margin\":\"xsmall\",\"content_margin_auto\":true,\"css\":\".el-meta{\\n    font-size:14px;\\n    font-style:italic;\\n}\\n\\n.el-content{\\n    font-size:14px;\\n    \\n}\\n\\n.el-image{\\n    position:relative;\\n    top:15px;\\n\\n}\\n\\n.el-element{\\n    background:url(https:\/\/stadtbad-rees.de\/wp-content\/uploads\/2026\/02\/background-1.jpg);\\n    background-position:center;\\n    background-repeat:no-repeat;\\n}\\n\\n\",\"height_expand\":true,\"image\":\"wp-content\/uploads\/2026\/02\/news.svg\",\"image_align\":\"left\",\"image_grid_breakpoint\":\"m\",\"image_grid_column_gap\":\"medium\",\"image_grid_row_gap\":\"small\",\"image_grid_width\":\"auto\",\"image_svg_color\":\"emphasis\",\"image_vertical_align\":false,\"image_width\":40,\"link\":\"https:\/\/rees.baeder-suite.de\/de\/courses\/\",\"link_style\":\"default\",\"link_text\":\"Weitere Informationen\",\"margin_bottom\":\"default\",\"margin_top\":\"default\",\"meta_align\":\"above-title\",\"meta_element\":\"div\",\"meta_style\":\"h4\",\"panel_image_no_padding\":false,\"panel_padding\":\"small\",\"panel_style\":\"card-default\",\"title_align\":\"top\",\"title_element\":\"h3\",\"title_grid_breakpoint\":\"m\",\"title_grid_width\":\"1-2\",\"title_hover_style\":\"reset\",\"title_margin\":\"small\",\"title_style\":\"h4\"},\"source\":{\"query\":{\"name\":\"posts.customPosts\",\"arguments\":{\"terms\":[],\"category_operator\":\"IN\",\"post_flag_operator\":\"IN\",\"post_tag_operator\":\"IN\",\"users\":[],\"users_operator\":\"IN\",\"date_range\":\"relative\",\"date_relative\":\"next\",\"date_relative_unit\":\"day\",\"date_relative_unit_this\":\"day\",\"offset\":1,\"limit\":1,\"order\":\"date\",\"order_direction\":\"DESC\"}},\"props\":{\"title\":{\"name\":\"title\"},\"meta\":{\"filters\":{\"date\":\"\",\"before\":\"Ver\u00f6ffentlicht am \"},\"name\":\"date\"},\"content\":{\"arguments\":{\"show_intro_text\":true},\"name\":\"content\",\"filters\":{\"limit\":80}}}}}]},{\"type\":\"column\",\"props\":{\"image_position\":\"center-center\",\"position_sticky_breakpoint\":\"m\",\"width_medium\":\"1-3\"},\"children\":[{\"type\":\"panel\",\"props\":{\"content_column_breakpoint\":\"m\",\"content_margin\":\"xsmall\",\"content_margin_auto\":true,\"css\":\".el-meta{\\n    font-size:14px;\\n    font-style:italic;\\n}\\n\\n.el-content{\\n    font-size:14px;\\n    \\n}\\n\\n.el-image{\\n    position:relative;\\n    top:15px;\\n\\n}\\n\\n.el-element{\\n    background:url(https:\/\/stadtbad-rees.de\/wp-content\/uploads\/2026\/02\/background-1.jpg);\\n    background-position:center;\\n    background-repeat:no-repeat;\\n}\\n\\n\",\"height_expand\":true,\"image\":\"wp-content\/uploads\/2026\/02\/news.svg\",\"image_align\":\"left\",\"image_grid_breakpoint\":\"m\",\"image_grid_column_gap\":\"medium\",\"image_grid_row_gap\":\"small\",\"image_grid_width\":\"auto\",\"image_svg_color\":\"emphasis\",\"image_vertical_align\":false,\"image_width\":40,\"link\":\"https:\/\/rees.baeder-suite.de\/de\/courses\/\",\"link_style\":\"default\",\"link_text\":\"Weitere Informationen\",\"margin_bottom\":\"default\",\"margin_top\":\"default\",\"meta_align\":\"above-title\",\"meta_element\":\"div\",\"meta_style\":\"h4\",\"panel_image_no_padding\":false,\"panel_padding\":\"small\",\"panel_style\":\"card-default\",\"title_align\":\"top\",\"title_element\":\"h3\",\"title_grid_breakpoint\":\"m\",\"title_grid_width\":\"1-2\",\"title_hover_style\":\"reset\",\"title_margin\":\"small\",\"title_style\":\"h4\"},\"source\":{\"query\":{\"name\":\"posts.customPosts\",\"arguments\":{\"terms\":[],\"category_operator\":\"IN\",\"post_flag_operator\":\"IN\",\"post_tag_operator\":\"IN\",\"users\":[],\"users_operator\":\"IN\",\"date_range\":\"relative\",\"date_relative\":\"next\",\"date_relative_unit\":\"day\",\"date_relative_unit_this\":\"day\",\"offset\":2,\"limit\":1,\"order\":\"date\",\"order_direction\":\"DESC\"}},\"props\":{\"title\":{\"name\":\"title\"},\"meta\":{\"filters\":{\"date\":\"\",\"before\":\"Ver\u00f6ffentlicht am \"},\"name\":\"date\"},\"content\":{\"arguments\":{\"show_intro_text\":true},\"name\":\"content\",\"filters\":{\"limit\":80}}}}}]}]}]},{\"type\":\"section\",\"props\":{\"divider_height\":\"120\",\"divider_layers_gap\":\"5\",\"divider_layers_opacity\":\"0.5\",\"divider_position\":\"top\",\"divider_responsive\":true,\"divider_shadow_blur_radius\":\"5\",\"divider_shadow_color\":\"#00000080\",\"divider_shadow_offset_x\":\"0\",\"divider_shadow_offset_y\":\"5\",\"divider_width\":\"100\",\"image_position\":\"center-center\",\"padding_custom_bottom\":\"70\",\"padding_custom_top\":\"70\",\"padding_remove_top\":false,\"style\":\"default\",\"style_custom_color\":\"#ccc\",\"title_breakpoint\":\"xl\",\"title_position\":\"top-left\",\"title_rotation\":\"left\",\"vertical_align\":\"middle\",\"width\":\"default\"},\"children\":[{\"type\":\"row\",\"children\":[{\"type\":\"column\",\"props\":{\"image_position\":\"center-center\",\"position_sticky_breakpoint\":\"m\"},\"children\":[{\"type\":\"panel\",\"props\":{\"content\":\"\n\n<p data-start=\\\"317\\\" data-end=\\\"565\\\">Im Stadtbad Rees finden regelm\u00e4\u00dfig Schwimmkurse f\u00fcr Kinder sowie Aquafitness-Kurse f\u00fcr Erwachsene statt.<br data-start=\\\"421\\\" data-end=\\\"424\\\" \/>Vom ersten Wassergew\u00f6hnungskurs bis zum Bronzeabzeichen oder Fitness im Wasser \u2013 unser Kursprogramm bietet passende Angebote f\u00fcr jedes Alter.<\/p>\n\n\\n\n\n<p data-start=\\\"567\\\" data-end=\\\"666\\\">Die aktuellen Kurse und Termine k\u00f6nnen Sie direkt \u00fcber unser Online-Kursportal einsehen und buchen.<\/p>\n\n\",\"content_column_breakpoint\":\"m\",\"css\":\".el-element{\\n    background:url(https:\/\/stadtbad-rees.de\/wp-content\/uploads\/2026\/02\/background-1.jpg);\\n    background-position:center;\\n    background-size:cover;\\n}\",\"image\":\"wp-content\/uploads\/2026\/02\/schwimkurse.jpg\",\"image_align\":\"left\",\"image_grid_breakpoint\":\"m\",\"image_grid_width\":\"1-2\",\"image_height\":2500,\"image_svg_color\":\"emphasis\",\"image_vertical_align\":true,\"image_width\":3400,\"link\":\"https:\/\/rees.baeder-suite.de\/de\/courses\/\",\"link_style\":\"default\",\"link_target\":true,\"link_text\":\"Zu den Kursen\",\"margin_bottom\":\"default\",\"margin_top\":\"default\",\"meta_align\":\"below-title\",\"meta_element\":\"div\",\"meta_style\":\"text-meta\",\"panel_image_no_padding\":true,\"panel_padding\":\"default\",\"panel_style\":\"card-default\",\"title\":\"Schwimmkurse und Aquafitness\",\"title_align\":\"top\",\"title_element\":\"h3\",\"title_grid_breakpoint\":\"m\",\"title_grid_width\":\"1-2\",\"title_hover_style\":\"reset\",\"title_style\":\"h1\"}}]}]}]}],\"version\":\"5.0.17\"} --><\/p>\n","protected":false},"excerpt":{"rendered":"<p>\u00d6ffnungszeiten Aktuelle \u00d6ffnungszeiten und Hinweise zu Sonderzeiten. \u00d6ffnungszeiten ansehen Preise &#038; Erm\u00e4\u00dfigungen Alle Eintrittspreise f\u00fcr Erwachsene, Kinder\/Jugendliche sowie Sozial- und Familienkarten. Preise ansehen Kurse &#038; Aquafitness Schwimmkurse und Aquafitness \u2013 direkt online buchen. Kurs buchen Unser Stadtbad Rees Das Stadtbad Rees bietet moderne Bedingungen f\u00fcr Sport, Kurse und Freizeit. Mit einem 25-Meter-Becken und variabler Wassertiefe [&hellip;]<\/p>\n","protected":false},"author":1,"featured_media":0,"parent":0,"menu_order":3,"comment_status":"closed","ping_status":"closed","template":"","meta":{"_acf_changed":false,"footnotes":""},"class_list":["post-4","page","type-page","status-publish","hentry"],"acf":[],"_links":{"self":[{"href":"https:\/\/stadtbad-rees.de\/wp-json\/wp\/v2\/pages\/4","targetHints":{"allow":["GET"]}}],"collection":[{"href":"https:\/\/stadtbad-rees.de\/wp-json\/wp\/v2\/pages"}],"about":[{"href":"https:\/\/stadtbad-rees.de\/wp-json\/wp\/v2\/types\/page"}],"author":[{"embeddable":true,"href":"https:\/\/stadtbad-rees.de\/wp-json\/wp\/v2\/users\/1"}],"replies":[{"embeddable":true,"href":"https:\/\/stadtbad-rees.de\/wp-json\/wp\/v2\/comments?post=4"}],"version-history":[{"count":117,"href":"https:\/\/stadtbad-rees.de\/wp-json\/wp\/v2\/pages\/4\/revisions"}],"predecessor-version":[{"id":2469,"href":"https:\/\/stadtbad-rees.de\/wp-json\/wp\/v2\/pages\/4\/revisions\/2469"}],"wp:attachment":[{"href":"https:\/\/stadtbad-rees.de\/wp-json\/wp\/v2\/media?parent=4"}],"curies":[{"name":"wp","href":"https:\/\/api.w.org\/{rel}","templated":true}]}}